{"id":41352,"date":"2026-01-11T01:21:55","date_gmt":"2026-01-10T16:21:55","guid":{"rendered":"https:\/\/pcuservvv.skb48.net\/wp\/?product=39241%e3%80%80stars-295-%e3%82%ad%e3%83%a1%e3%82%bb%e3%82%af%e7%9b%b8%e9%83%a8%e5%b1%8bntr-%e5%a4%a7%e5%ab%8c%e3%81%84%e3%81%a7%e6%9c%80%e4%bd%8e%e6%9c%80%e6%82%aa%e3%81%aa%e7%b5%b6%e5%80%ab%e5%85%83"},"modified":"2026-01-11T01:21:55","modified_gmt":"2026-01-10T16:21:55","slug":"39241%e3%80%80stars-295-%e3%82%ad%e3%83%a1%e3%82%bb%e3%82%af%e7%9b%b8%e9%83%a8%e5%b1%8bntr-%e5%a4%a7%e5%ab%8c%e3%81%84%e3%81%a7%e6%9c%80%e4%bd%8e%e6%9c%80%e6%82%aa%e3%81%aa%e7%b5%b6%e5%80%ab%e5%85%83","status":"publish","type":"product","link":"https:\/\/pcuservvv.skb48.net\/wp\/?product=39241%e3%80%80stars-295-%e3%82%ad%e3%83%a1%e3%82%bb%e3%82%af%e7%9b%b8%e9%83%a8%e5%b1%8bntr-%e5%a4%a7%e5%ab%8c%e3%81%84%e3%81%a7%e6%9c%80%e4%bd%8e%e6%9c%80%e6%82%aa%e3%81%aa%e7%b5%b6%e5%80%ab%e5%85%83","title":{"rendered":"39241\u3000STARS-295 \u30ad\u30e1\u30bb\u30af\u76f8\u90e8\u5c4bNTR \u5927\u5acc\u3044\u3067\u6700\u4f4e\u6700\u60aa\u306a\u7d76\u502b\u5143\u30ab\u30ec\u306b\u2026\u5a9a\u85ac\u3092\u98f2\u307e\u3055\u308c\u2026\u00d7\u00d7\u00d7\u3002 \u6238\u7530\u771f\u7434"},"content":{"rendered":"","protected":false},"excerpt":{"rendered":"","protected":false},"featured_media":33244,"template":"","meta":[],"product_brand":[],"product_cat":[15],"product_tag":[],"class_list":{"0":"post-41352","1":"product","2":"type-product","3":"status-publish","4":"has-post-thumbnail","6":"product_cat-uncategorized","8":"first","9":"instock","10":"shipping-taxable","11":"purchasable","12":"product-type-simple"},"_links":{"self":[{"href":"https:\/\/pcuservvv.skb48.net\/wp\/index.php?rest_route=\/wp\/v2\/product\/41352","targetHints":{"allow":["GET"]}}],"collection":[{"href":"https:\/\/pcuservvv.skb48.net\/wp\/index.php?rest_route=\/wp\/v2\/product"}],"about":[{"href":"https:\/\/pcuservvv.skb48.net\/wp\/index.php?rest_route=\/wp\/v2\/types\/product"}],"wp:featuredmedia":[{"embeddable":true,"href":"https:\/\/pcuservvv.skb48.net\/wp\/index.php?rest_route=\/wp\/v2\/media\/33244"}],"wp:attachment":[{"href":"https:\/\/pcuservvv.skb48.net\/wp\/index.php?rest_route=%2Fwp%2Fv2%2Fmedia&parent=41352"}],"wp:term":[{"taxonomy":"product_brand","embeddable":true,"href":"https:\/\/pcuservvv.skb48.net\/wp\/index.php?rest_route=%2Fwp%2Fv2%2Fproduct_brand&post=41352"},{"taxonomy":"product_cat","embeddable":true,"href":"https:\/\/pcuservvv.skb48.net\/wp\/index.php?rest_route=%2Fwp%2Fv2%2Fproduct_cat&post=41352"},{"taxonomy":"product_tag","embeddable":true,"href":"https:\/\/pcuservvv.skb48.net\/wp\/index.php?rest_route=%2Fwp%2Fv2%2Fproduct_tag&post=41352"}],"curies":[{"name":"wp","href":"https:\/\/api.w.org\/{rel}","templated":true}]}}