{"id":41565,"date":"2026-01-20T20:41:29","date_gmt":"2026-01-20T11:41:29","guid":{"rendered":"https:\/\/pcuservvv.skb48.net\/wp\/?product=39438%e3%80%80ipx-467-%e5%88%b6%e6%9c%8d%e3%83%9e%e3%83%8b%e3%82%a2%e3%81%ae%e4%b8%ad%e5%b9%b4%e7%94%b7%e9%81%94%e3%81%ab%e3%81%b2%e3%81%9f%e3%81%99%e3%82%89%e7%8a%af%e2%97%8f%e3%82%8c%e7%b6%9a"},"modified":"2026-01-20T20:41:30","modified_gmt":"2026-01-20T11:41:30","slug":"39438%e3%80%80ipx-467-%e5%88%b6%e6%9c%8d%e3%83%9e%e3%83%8b%e3%82%a2%e3%81%ae%e4%b8%ad%e5%b9%b4%e7%94%b7%e9%81%94%e3%81%ab%e3%81%b2%e3%81%9f%e3%81%99%e3%82%89%e7%8a%af%e2%97%8f%e3%82%8c%e7%b6%9a","status":"publish","type":"product","link":"https:\/\/pcuservvv.skb48.net\/wp\/?product=39438%e3%80%80ipx-467-%e5%88%b6%e6%9c%8d%e3%83%9e%e3%83%8b%e3%82%a2%e3%81%ae%e4%b8%ad%e5%b9%b4%e7%94%b7%e9%81%94%e3%81%ab%e3%81%b2%e3%81%9f%e3%81%99%e3%82%89%e7%8a%af%e2%97%8f%e3%82%8c%e7%b6%9a","title":{"rendered":"39438\u3000IPX-467 \u5236\u670d\u30de\u30cb\u30a2\u306e\u4e2d\u5e74\u7537\u9054\u306b\u3072\u305f\u3059\u3089\u72af\u25cf\u308c\u7d9a\u3051\u3066\u2026\u00d7\u00d7\u00d7 \u89e3\u7981\uff01\u521d\u51cc\u25cf\uff01 \u3082\u306a\u307f\u9234"},"content":{"rendered":"","protected":false},"excerpt":{"rendered":"","protected":false},"featured_media":34701,"template":"","meta":[],"product_brand":[],"product_cat":[15],"product_tag":[],"class_list":{"0":"post-41565","1":"product","2":"type-product","3":"status-publish","4":"has-post-thumbnail","6":"product_cat-uncategorized","8":"first","9":"instock","10":"shipping-taxable","11":"purchasable","12":"product-type-simple"},"_links":{"self":[{"href":"https:\/\/pcuservvv.skb48.net\/wp\/index.php?rest_route=\/wp\/v2\/product\/41565","targetHints":{"allow":["GET"]}}],"collection":[{"href":"https:\/\/pcuservvv.skb48.net\/wp\/index.php?rest_route=\/wp\/v2\/product"}],"about":[{"href":"https:\/\/pcuservvv.skb48.net\/wp\/index.php?rest_route=\/wp\/v2\/types\/product"}],"wp:featuredmedia":[{"embeddable":true,"href":"https:\/\/pcuservvv.skb48.net\/wp\/index.php?rest_route=\/wp\/v2\/media\/34701"}],"wp:attachment":[{"href":"https:\/\/pcuservvv.skb48.net\/wp\/index.php?rest_route=%2Fwp%2Fv2%2Fmedia&parent=41565"}],"wp:term":[{"taxonomy":"product_brand","embeddable":true,"href":"https:\/\/pcuservvv.skb48.net\/wp\/index.php?rest_route=%2Fwp%2Fv2%2Fproduct_brand&post=41565"},{"taxonomy":"product_cat","embeddable":true,"href":"https:\/\/pcuservvv.skb48.net\/wp\/index.php?rest_route=%2Fwp%2Fv2%2Fproduct_cat&post=41565"},{"taxonomy":"product_tag","embeddable":true,"href":"https:\/\/pcuservvv.skb48.net\/wp\/index.php?rest_route=%2Fwp%2Fv2%2Fproduct_tag&post=41565"}],"curies":[{"name":"wp","href":"https:\/\/api.w.org\/{rel}","templated":true}]}}