{"id":49694,"date":"2026-03-03T23:24:48","date_gmt":"2026-03-03T14:24:48","guid":{"rendered":"https:\/\/pcuservvv.skb48.net\/wp\/?product=41556%e3%80%80dldss401-%e3%82%bb%e3%83%ac%e3%83%96%e3%81%b6%e3%81%a3%e3%81%9f%e3%83%9e%e3%83%9e%e5%8f%8b%e3%81%ae%e8%8f%9c%e7%a9%82%e3%81%8c%e8%b6%85%e3%83%a0%e3%82%ab%e3%81%a4%e3%81%8f%e3%81%8b"},"modified":"2026-03-03T23:24:48","modified_gmt":"2026-03-03T14:24:48","slug":"41556%e3%80%80dldss401-%e3%82%bb%e3%83%ac%e3%83%96%e3%81%b6%e3%81%a3%e3%81%9f%e3%83%9e%e3%83%9e%e5%8f%8b%e3%81%ae%e8%8f%9c%e7%a9%82%e3%81%8c%e8%b6%85%e3%83%a0%e3%82%ab%e3%81%a4%e3%81%8f%e3%81%8b","status":"publish","type":"product","link":"https:\/\/pcuservvv.skb48.net\/wp\/?product=41556%e3%80%80dldss401-%e3%82%bb%e3%83%ac%e3%83%96%e3%81%b6%e3%81%a3%e3%81%9f%e3%83%9e%e3%83%9e%e5%8f%8b%e3%81%ae%e8%8f%9c%e7%a9%82%e3%81%8c%e8%b6%85%e3%83%a0%e3%82%ab%e3%81%a4%e3%81%8f%e3%81%8b","title":{"rendered":"41556\u3000dldss401 \u30bb\u30ec\u30d6\u3076\u3063\u305f\u30de\u30de\u53cb\u306e\u83dc\u7a42\u304c\u8d85\u30e0\u30ab\u3064\u304f\u304b\u3089\u3001\u58ca\u308c\u308b\u307e\u3067\u4e2d\u51fa\u3057\u00d7\u00d7\u00d7\u3057\u3066\u3082\u3089\u3063\u305f\u3093\u3060\u3002 \u5c0f\u6ca2\u83dc\u7a42"},"content":{"rendered":"","protected":false},"excerpt":{"rendered":"","protected":false},"featured_media":49496,"template":"","meta":[],"product_brand":[],"product_cat":[15],"product_tag":[],"class_list":{"0":"post-49694","1":"product","2":"type-product","3":"status-publish","4":"has-post-thumbnail","6":"product_cat-uncategorized","8":"first","9":"instock","10":"shipping-taxable","11":"purchasable","12":"product-type-simple"},"_links":{"self":[{"href":"https:\/\/pcuservvv.skb48.net\/wp\/index.php?rest_route=\/wp\/v2\/product\/49694","targetHints":{"allow":["GET"]}}],"collection":[{"href":"https:\/\/pcuservvv.skb48.net\/wp\/index.php?rest_route=\/wp\/v2\/product"}],"about":[{"href":"https:\/\/pcuservvv.skb48.net\/wp\/index.php?rest_route=\/wp\/v2\/types\/product"}],"wp:featuredmedia":[{"embeddable":true,"href":"https:\/\/pcuservvv.skb48.net\/wp\/index.php?rest_route=\/wp\/v2\/media\/49496"}],"wp:attachment":[{"href":"https:\/\/pcuservvv.skb48.net\/wp\/index.php?rest_route=%2Fwp%2Fv2%2Fmedia&parent=49694"}],"wp:term":[{"taxonomy":"product_brand","embeddable":true,"href":"https:\/\/pcuservvv.skb48.net\/wp\/index.php?rest_route=%2Fwp%2Fv2%2Fproduct_brand&post=49694"},{"taxonomy":"product_cat","embeddable":true,"href":"https:\/\/pcuservvv.skb48.net\/wp\/index.php?rest_route=%2Fwp%2Fv2%2Fproduct_cat&post=49694"},{"taxonomy":"product_tag","embeddable":true,"href":"https:\/\/pcuservvv.skb48.net\/wp\/index.php?rest_route=%2Fwp%2Fv2%2Fproduct_tag&post=49694"}],"curies":[{"name":"wp","href":"https:\/\/api.w.org\/{rel}","templated":true}]}}