{"id":49856,"date":"2026-03-03T23:25:46","date_gmt":"2026-03-03T14:25:46","guid":{"rendered":"https:\/\/pcuservvv.skb48.net\/wp\/?product=41718%e3%80%80326eva-202-%e9%87%91%e9%ab%aa%e3%81%a4%e3%82%88%e3%81%a4%e3%82%88%e6%b0%b4%e7%9d%80%e3%82%ae%e3%83%a3%e3%83%ab%e3%81%af%e6%ac%b2%e6%b1%82%e4%b8%8d%e6%ba%80%e2%98%86%e5%88%9d%e4%bd%93"},"modified":"2026-03-03T23:25:46","modified_gmt":"2026-03-03T14:25:46","slug":"41718%e3%80%80326eva-202-%e9%87%91%e9%ab%aa%e3%81%a4%e3%82%88%e3%81%a4%e3%82%88%e6%b0%b4%e7%9d%80%e3%82%ae%e3%83%a3%e3%83%ab%e3%81%af%e6%ac%b2%e6%b1%82%e4%b8%8d%e6%ba%80%e2%98%86%e5%88%9d%e4%bd%93","status":"publish","type":"product","link":"https:\/\/pcuservvv.skb48.net\/wp\/?product=41718%e3%80%80326eva-202-%e9%87%91%e9%ab%aa%e3%81%a4%e3%82%88%e3%81%a4%e3%82%88%e6%b0%b4%e7%9d%80%e3%82%ae%e3%83%a3%e3%83%ab%e3%81%af%e6%ac%b2%e6%b1%82%e4%b8%8d%e6%ba%80%e2%98%86%e5%88%9d%e4%bd%93","title":{"rendered":"41718\u3000326EVA-202 \u91d1\u9aea\u3064\u3088\u3064\u3088\u6c34\u7740\u30ae\u30e3\u30eb\u306f\u6b32\u6c42\u4e0d\u6e80\u2606\u521d\u4f53\u9a13\u306f\u95a2\u897f\u304a\u7b11\u3044\u82b8\u4eba\u00d7\u00d7\u00d7\u00d7\uff01\uff1f\u6b32\u5f35\u308aW\u30d5\u30a7\u30e9\u304b\u3089\u306e\u5f31\u70b9\u30d0\u30c3\u30af\u3067\u7cde\u96d1\u9b5a\u30de\u25cf\u30b3\u306b\u751f\u30cf\u30e1\u4e2d\u51fa\u30572\u9023\u767a"},"content":{"rendered":"","protected":false},"excerpt":{"rendered":"","protected":false},"featured_media":49559,"template":"","meta":[],"product_brand":[],"product_cat":[15],"product_tag":[],"class_list":{"0":"post-49856","1":"product","2":"type-product","3":"status-publish","4":"has-post-thumbnail","6":"product_cat-uncategorized","8":"first","9":"instock","10":"shipping-taxable","11":"purchasable","12":"product-type-simple"},"_links":{"self":[{"href":"https:\/\/pcuservvv.skb48.net\/wp\/index.php?rest_route=\/wp\/v2\/product\/49856","targetHints":{"allow":["GET"]}}],"collection":[{"href":"https:\/\/pcuservvv.skb48.net\/wp\/index.php?rest_route=\/wp\/v2\/product"}],"about":[{"href":"https:\/\/pcuservvv.skb48.net\/wp\/index.php?rest_route=\/wp\/v2\/types\/product"}],"wp:featuredmedia":[{"embeddable":true,"href":"https:\/\/pcuservvv.skb48.net\/wp\/index.php?rest_route=\/wp\/v2\/media\/49559"}],"wp:attachment":[{"href":"https:\/\/pcuservvv.skb48.net\/wp\/index.php?rest_route=%2Fwp%2Fv2%2Fmedia&parent=49856"}],"wp:term":[{"taxonomy":"product_brand","embeddable":true,"href":"https:\/\/pcuservvv.skb48.net\/wp\/index.php?rest_route=%2Fwp%2Fv2%2Fproduct_brand&post=49856"},{"taxonomy":"product_cat","embeddable":true,"href":"https:\/\/pcuservvv.skb48.net\/wp\/index.php?rest_route=%2Fwp%2Fv2%2Fproduct_cat&post=49856"},{"taxonomy":"product_tag","embeddable":true,"href":"https:\/\/pcuservvv.skb48.net\/wp\/index.php?rest_route=%2Fwp%2Fv2%2Fproduct_tag&post=49856"}],"curies":[{"name":"wp","href":"https:\/\/api.w.org\/{rel}","templated":true}]}}